{"id":63,"date":"2020-08-14T06:11:01","date_gmt":"2020-08-14T06:11:01","guid":{"rendered":"https:\/\/www.1000hqn.com\/?page_id=63"},"modified":"2024-10-29T15:39:21","modified_gmt":"2024-10-29T07:39:21","slug":"about-bbier-commercial-led-lighting-company","status":"publish","type":"page","link":"http:\/\/www.1000hqn.com\/de\/about-bbier-commercial-led-lighting-company\/","title":{"rendered":"Um"},"content":{"rendered":"<div class=\"content swd mauto p010\" style=\"float: none;\">\n<h1>\u00dcber Shenzhen Bbier Lighting Co., Ltd<\/h1>\n<p>BBIER\u00ae is a Professional Commercial LED Lighting Manufacturer &amp; Company &amp; Supplier &amp; Factory dedicated to providing customers with high-quality and high-performance lighting products and solutions. We have over 13 years of commercial lighting R&amp;D experience, 50+ LED lights patents, 200+ LED Lights Certifications, Support OEM &amp; ODM, 5 Years Warranty. Our products LED Post Top Lights, Solar Post Top Lights, LED Grow Lights, Explosion Proof Lights,\u00a0 Temporary Work Lights, UFO High Bay Lights, LED Shoebox Lights, etc, which can be widely used in commercial, industrial, residential, and other different occasions.Our factory has an experienced and skilled R&amp;D team, dedicated to constantly innovate, improve product performance and quality. We also have a complete production line, from design, manufacturing to testing, every link goes through strict quality control, to ensure that each product can meet the needs and expectations of customers.We pay attention to customer experience, provide personalized services, and customize the most suitable lighting solutions according to customers&#8217; needs and requirements. We also provide comprehensive after-sales service, providing technical support and maintenance services to make customers&#8217; experience more smooth and satisfactory.BBIER\u00ae adheres to the principle of &#8220;quality first, customer first&#8221;, and is committed to providing customers with high-quality products and services, becoming a trusted partner of customers. We will continue to innovate and improve, bring more value and contribution to customers.<\/p>\n<amp-img style=\"width:;\" src=\"https:\/\/www.1000hqn.com\/wp-content\/uploads\/2024\/07\/About-Shenzhen-Bbier-Lighting-6.jpg\" alt=\"\"   layout=\"responsive\"><\/amp-img>\n<h2>Bbier Lighting Project Share<\/h2>\n<amp-img style=\"width:;\" src=\"https:\/\/www.1000hqn.com\/wp-content\/uploads\/2024\/10\/About-2.jpg\" alt=\"\"   layout=\"responsive\"><\/amp-img>\n<p>&nbsp;<\/p>\n<amp-img style=\"width:;\" src=\"https:\/\/www.1000hqn.com\/wp-content\/uploads\/2024\/10\/About-1.jpg\" alt=\"\"   layout=\"responsive\"><\/amp-img>\n<h2>Bbier USA Lager<\/h2>\n<amp-img style=\"width:;\" src=\"https:\/\/www.1000hqn.com\/wp-content\/uploads\/2024\/07\/About-Shenzhen-Bbier-Lighting-4-1.jpg\" alt=\"\"   layout=\"responsive\"><\/amp-img>\n<p>\u00dcber 12 Millionen Lagerbest\u00e4nde in den Vereinigten Staaten. Da wir der Hersteller sind, bestellen Sie bitte keine kleinen Mengen, wenn Sie die Bestellung aufgeben.<\/p>\n<p>Bei gr\u00f6\u00dferen Mengen verkaufen wir gerne g\u00fcnstig. Bei kleinen Mengen sind die Versandkosten teurer als das Produkt. Wenn Sie die Bestellung aufgeben.<\/p>\n<p>Wir pr\u00fcfen den Lagerbestand und liefern die Ware je nach Lagerbestand. Einige werden aus einem Lager in Kalifornien oder Florida versendet.<\/p>\n<p>Wenn die Ware nicht auf Lager ist, wird die Ware direkt aus der Fabrik in China versandt.<\/p>\n<p>Adresse des kalifornischen Warenlagers (B\u00fcro): <strong>303 Industrial Way, Einheit 5 | Fallbrook, CA 92028<\/strong><\/p>\n<p>Florida Warehouse Address (office): <strong>Fort Lauderdale,Florida 33312<\/strong><\/p>\n<amp-img style=\"width:;\" src=\"https:\/\/www.1000hqn.com\/wp-content\/uploads\/2024\/09\/About.jpg\" alt=\"\"   layout=\"responsive\"><\/amp-img>\n<amp-img style=\"width:;\" src=\"https:\/\/www.1000hqn.com\/wp-content\/uploads\/2024\/10\/About1.jpg\" alt=\"\"   layout=\"responsive\"><\/amp-img>\n<p><span style=\"color: #ff0000;\"><strong>Bbier also have Cambodia Factory. If You need Big quantity. like 1 container, We can Ship the product for you from Factories in Cambodia. <\/strong><\/span><br \/>\n<span style=\"color: #ff0000;\"><strong>So that you will no need to paying High Inport Duty or Import tax. You will Save 15%-30% import Duty if you buy container from Cambodia factory.<\/strong><\/span><\/p>\n<amp-img style=\"width:;\" src=\"https:\/\/www.1000hqn.com\/wp-content\/uploads\/2024\/10\/Bbier-Lighting-Project-Share-3.jpg\" alt=\"\"   layout=\"responsive\"><\/amp-img>\n<amp-img style=\"width:;\" src=\"https:\/\/www.1000hqn.com\/wp-content\/uploads\/2024\/10\/Bbier-Lighting-Project-Share-4.jpg\" alt=\"\"   layout=\"responsive\"><\/amp-img>\n<amp-img style=\"width:;\" src=\"https:\/\/www.1000hqn.com\/wp-content\/uploads\/2024\/10\/Bbier-Lighting-Project-Share-1.jpg\" alt=\"\"   layout=\"responsive\"><\/amp-img>\n<amp-img style=\"width:;\" src=\"https:\/\/www.1000hqn.com\/wp-content\/uploads\/2024\/10\/Bbier-Lighting-Project-Share-2.jpg\" alt=\"\"   layout=\"responsive\"><\/amp-img>\n<h2>Bbier Team &amp; enterprise culture<\/h2>\n<p>When you place the container order. we will put the pallet come with goods. We will welcome you to be Bbier partners . we are looking for the big distribution to cooperation.<\/p>\n<p>Kindly please contact with our sales team :<\/p>\n<p><strong>Email to<\/strong> : <strong>info@bbier.com<\/strong><\/p>\n<p><img decoding=\"async\" class=\"alignnone size-full wp-image-36254\" src=\"https:\/\/www.1000hqn.com\/wp-content\/uploads\/2024\/07\/bbier-tel-all.png\" alt=\"\" width=\"274\" height=\"24\" \/><\/p>\n<p><strong>Contact person<\/strong>: Ellen Fu<\/p>\n<h3>At the Lighting Factory, we not only create light, but we also commit to protecting the environment. We use environmentally friendly materials, reduce energy consumption, and contribute to the future of the earth. Choose the sustainable and wise choice, choose the Lighting Factory.<\/h3>\n<amp-youtube data-videoid=\"y9JGEj4k-3U\" width=\"1280\" height=\"720\" layout=\"responsive\"><amp-img src=\"http:\/\/www.1000hqn.com\/wp-content\/themes\/bbier\/images\/youtubecover.jpg\" placeholder layout=\"fill\"\/><\/amp-youtube>\n<\/div>","protected":false},"excerpt":{"rendered":"<p>About Shenzhen Bbier Lighting Co., Ltd BBIER\u00ae is a Professional Commercial LED Lighting Manufacturer &amp; Company &amp; Supplier &amp; Factory dedicated to providing customers with high-quality and high-performance lighting products and solutions. We have over 13 years of commercial lighting R&amp;D experience, 50+ LED lights patents, 200+ LED Lights Certifications, Support OEM &amp; ODM, 5 [&hellip;]<\/p>","protected":false},"author":1,"featured_media":0,"parent":0,"menu_order":0,"comment_status":"closed","ping_status":"closed","template":"","meta":{"footnotes":""},"class_list":["post-63","page","type-page","status-publish","hentry"],"_links":{"self":[{"href":"http:\/\/www.1000hqn.com\/de\/wp-json\/wp\/v2\/pages\/63"}],"collection":[{"href":"http:\/\/www.1000hqn.com\/de\/wp-json\/wp\/v2\/pages"}],"about":[{"href":"http:\/\/www.1000hqn.com\/de\/wp-json\/wp\/v2\/types\/page"}],"author":[{"embeddable":true,"href":"http:\/\/www.1000hqn.com\/de\/wp-json\/wp\/v2\/users\/1"}],"replies":[{"embeddable":true,"href":"http:\/\/www.1000hqn.com\/de\/wp-json\/wp\/v2\/comments?post=63"}],"version-history":[{"count":46,"href":"http:\/\/www.1000hqn.com\/de\/wp-json\/wp\/v2\/pages\/63\/revisions"}],"predecessor-version":[{"id":37645,"href":"http:\/\/www.1000hqn.com\/de\/wp-json\/wp\/v2\/pages\/63\/revisions\/37645"}],"wp:attachment":[{"href":"http:\/\/www.1000hqn.com\/de\/wp-json\/wp\/v2\/media?parent=63"}],"curies":[{"name":"wp","href":"https:\/\/api.w.org\/{rel}","templated":true}]}}